{"id":77,"date":"2023-01-21T21:34:17","date_gmt":"2023-01-21T21:34:17","guid":{"rendered":"https:\/\/profepancho.cl\/test\/?page_id=77"},"modified":"2023-01-25T23:03:58","modified_gmt":"2023-01-25T23:03:58","slug":"quienes-somos","status":"publish","type":"page","link":"https:\/\/profepancho.cl\/index.php\/quienes-somos\/","title":{"rendered":"Quienes somos"},"content":{"rendered":"<p>En el a\u00f1o 2020 decid\u00ed aventurarme en las redes para mostrar a otros mi pasi\u00f3n por las<br \/>\nmatem\u00e1ticas y por la ense\u00f1anza. Mi sue\u00f1o siempre ha sido demostrarles a los estudiantes que si<br \/>\nse puede, que no importa lo duro que sea el camino, ni las veces que se caigan, lo \u00fanico<br \/>\nimportante es que sigan de pie al final del camino. Por lo mismo, es que uno de los grandes<br \/>\nproblemas de muchos quienes quieren luchar por sus sue\u00f1os son las pocas posibilidades que<br \/>\ntienen para poder prepararse para rendir las pruebas de ingreso a la universidad.<br \/>\nDesde ese entonces pens\u00e9 que con crear un canal de Youtube que pudiese ayudar a quienes lo<br \/>\nnecesitan era suficiente. Pero al pasar el tiempo me di cuenta que no, que hab\u00eda que hacer algo<br \/>\nm\u00e1s, y fue en ese entonces cuando se me ocurri\u00f3 crear un preuniversitario de matem\u00e1tica gratuito<br \/>\ndurante el segundo semestre del 2020, en donde se prepararon m\u00e1s de 500 estudiantes.<br \/>\nLuego al siguiente a\u00f1o, busqu\u00e9 a profesores que compartieran mis ideales y que quisieran crear un<br \/>\npreuniversitario gratuito para ayudar a los j\u00f3venes a cumplir sus sue\u00f1os. Es ah\u00ed donde nace<br \/>\n\u201cPreugram\u201d un preuniversitario sin fines de lucro creado por profesores y estudiantes. El cual en<br \/>\nsu primer a\u00f1o prepar\u00f3 a m\u00e1s de 1.000 estudiantes y en nuestro segundo a\u00f1o m\u00e1s de 2.000<br \/>\nestudiantes. El preuniversitario cada vez crece m\u00e1s y tiene m\u00e1s gente dispuesta a ayudar, y la meta<br \/>\nes que siempre est\u00e9 disponible para aquellos que no tengan dinero para costear una buena<br \/>\npreparaci\u00f3n, con profesores altamente capacitados y con excelente y abundante material.<br \/>\nTambi\u00e9n soy el creador del \u201cGran librito de las matem\u00e1ticas\u201d que contiene todos los ejercicios que<br \/>\nel DEMRE ha liberado desde el 2005 hasta la fecha (alrededor de 1.000 ejercicios) ordenados en 5<br \/>\ncap\u00edtulos para maximizar su estudio, el cual lo puedes descargar de la p\u00e1gina de manera gratuita<br \/>\n(junto con la resoluci\u00f3n paso a paso de todos los ejercicios).<br \/>\nDurante el 2023 tambi\u00e9n decid\u00ed expandir todo con la creaci\u00f3n de esta p\u00e1gina web y un aula virtual<br \/>\nque por el momento aloja m\u00e1s de 4.000 ejercicios en donde los estudiantes pueden crear ensayos<br \/>\ncon tiempo, el cual les arroja su puntaje, las resoluciones paso a paso de los ejercicios, en donde<br \/>\nencontrar\u00e1n videos recomendados de estudios (Creados por mi), una foro en donde pueden<br \/>\nrealizar preguntas todo de manera gratuita. Tambi\u00e9n durante el 2023 inicia mi propio<br \/>\npreuniversitario pagado de matem\u00e1tica (online) con cupos limitados.<\/p>\n<p>\u201cNo importan lo duro que sea el camino, no las veces que se caigan, lo realmente importante es<br \/>\nque se pongan de pie una vez m\u00e1s. Los sue\u00f1os se construyen con esfuerzo y dedicaci\u00f3n. Conf\u00eden<\/p>\n<p>en ustedes, no hay nada que no puedan lograr\u201d<\/p>\n","protected":false},"excerpt":{"rendered":"<p>En el a\u00f1o 2020 decid\u00ed aventurarme en las redes para mostrar a otros mi pasi\u00f3n por las matem\u00e1ticas y por la ense\u00f1anza. Mi sue\u00f1o siempre ha sido demostrarles a los estudiantes que si se puede, que no importa lo duro que sea el camino, ni las veces que se caigan, lo \u00fanico importante es que [&hellip;]<\/p>\n","protected":false},"author":1,"featured_media":0,"parent":0,"menu_order":0,"comment_status":"closed","ping_status":"closed","template":"","meta":[],"_links":{"self":[{"href":"https:\/\/profepancho.cl\/index.php\/wp-json\/wp\/v2\/pages\/77"}],"collection":[{"href":"https:\/\/profepancho.cl\/index.php\/wp-json\/wp\/v2\/pages"}],"about":[{"href":"https:\/\/profepancho.cl\/index.php\/wp-json\/wp\/v2\/types\/page"}],"author":[{"embeddable":true,"href":"https:\/\/profepancho.cl\/index.php\/wp-json\/wp\/v2\/users\/1"}],"replies":[{"embeddable":true,"href":"https:\/\/profepancho.cl\/index.php\/wp-json\/wp\/v2\/comments?post=77"}],"version-history":[{"count":2,"href":"https:\/\/profepancho.cl\/index.php\/wp-json\/wp\/v2\/pages\/77\/revisions"}],"predecessor-version":[{"id":302,"href":"https:\/\/profepancho.cl\/index.php\/wp-json\/wp\/v2\/pages\/77\/revisions\/302"}],"wp:attachment":[{"href":"https:\/\/profepancho.cl\/index.php\/wp-json\/wp\/v2\/media?parent=77"}],"curies":[{"name":"wp","href":"https:\/\/api.w.org\/{rel}","templated":true}]}}