{"id":337,"date":"2023-01-26T18:03:44","date_gmt":"2023-01-26T18:03:44","guid":{"rendered":"https:\/\/profepancho.cl\/test\/?page_id=337"},"modified":"2023-01-26T18:03:44","modified_gmt":"2023-01-26T18:03:44","slug":"grupopago","status":"publish","type":"page","link":"https:\/\/profepancho.cl\/index.php\/grupopago\/","title":{"rendered":"Grupo de Pago"},"content":{"rendered":"<p><img decoding=\"async\" loading=\"lazy\" class=\" wp-image-338 alignright\" src=\"https:\/\/profepancho.cl\/test\/wp-content\/uploads\/2023\/01\/WhatsApp-Image-2023-01-26-at-11.27.06-277x300.jpeg\" alt=\"\" width=\"30%\" height=\"376\" srcset=\"https:\/\/profepancho.cl\/wp-content\/uploads\/2023\/01\/WhatsApp-Image-2023-01-26-at-11.27.06-277x300.jpeg 277w, https:\/\/profepancho.cl\/wp-content\/uploads\/2023\/01\/WhatsApp-Image-2023-01-26-at-11.27.06.jpeg 579w\" sizes=\"(max-width: 277px) 100vw, 277px\" \/>\u00bfQu\u00e9 contiene el preu pagado y como se llevar\u00e1 a cabo y cu\u00e1l es su valor?<\/p>\n<p><strong><u>El precio ser\u00e1 de $120.000. El cual se podr\u00e1n pagar con una cuota o dos cuotas de $60.000 (una el d\u00eda de la inscripci\u00f3n y la otra a finales de febrero)<\/u><\/strong><\/p>\n<p>&nbsp;<\/p>\n<p><strong><u>Lo m\u00e1s importante a recalcar, es que ser\u00e1 un preu online.<\/u><\/strong><\/p>\n<ul>\n<li>Tendr\u00e1n acceso premium al aula virtual, en donde no solo encontrar\u00e1n todo el contenido gratuito (creaci\u00f3n de ensayos a su antojo, videos recomendados de mi canal de Youtube, estudia t\u00fa mismo, desaf\u00edos, foro de preguntas), sino que tambi\u00e9n acceso a videos exclusivos, ensayos exclusivos y m\u00e1s.<\/li>\n<li>Durante el intensivo tendr\u00e1n un aproximado de 3.000 ejercicios a su disposici\u00f3n entre mis libros, gu\u00edas y ensayos <strong><em><u>(todos con su respectiva pauta paso a paso<\/u><\/em><\/strong>) para que puedan resolver conmigo en clases y ustedes de manera personal.<\/li>\n<li>Tendr\u00e1 una clase semanal de 2 horas de duraci\u00f3n (que en ocasiones podr\u00e1 durar m\u00e1s si es que el contenido lo amerita, pero jam\u00e1s menos) los d\u00edas viernes desde las 18.00 horas (comenzando el viernes 10 de marzo). Todas estas clases ser\u00e1n grabadas para que puedan verlas las veces que estimen convenientes.<\/li>\n<li>Las clases durar\u00e1n hasta el viernes anterior a rendir la PAES de invierno<\/li>\n<li>Tendr\u00e1n un ensayo mensual y el \u00faltimo mes tendr\u00e1n un ensayo semanal<\/li>\n<\/ul>\n<ul>\n<li><strong><em><u>El viernes 3 de marzo tendr\u00e1n una clase especial de corta duraci\u00f3n para presentar el funcionamiento del preu.<\/u><\/em><\/strong><\/li>\n<\/ul>\n<ul>\n<li>IMPORTANTE: Como es un intensivo de 4 meses, tienen que tomar en cuenta que gran parte del preu lo hacen ustedes. Deber\u00e1n ver las clases grabadas con la materia previo a las clases en vivo donde se trabajar\u00e1 la resoluci\u00f3n de ejercicios, estrategias y\/o trucos que les ayuden a enfrentar la PAES de la mejor manera posible. Es por ello que el intensivo est\u00e1 destinado a estudiantes egresados y\/o estudiantes de IV medio que quieran dominar la materia de la PAES durante el primer semestre. Se considera una obligaci\u00f3n que vean las clases grabadas de materia, ya que en las clases de los viernes se resolver\u00e1 ejercicios y se explicar\u00e1 materia mientras se resuelven ejercicios, pero la explicaci\u00f3n paso a paso y la construcci\u00f3n del conocimiento estar\u00e1 en las clases grabadas para optimizar de la mejor forma el estudio.<\/li>\n<\/ul>\n","protected":false},"excerpt":{"rendered":"<p>\u00bfQu\u00e9 contiene el preu pagado y como se llevar\u00e1 a cabo y cu\u00e1l es su valor? El precio ser\u00e1 de $120.000. El cual se podr\u00e1n pagar con una cuota o dos cuotas de $60.000 (una el d\u00eda de la inscripci\u00f3n y la otra a finales de febrero) &nbsp; Lo m\u00e1s importante a recalcar, es que [&hellip;]<\/p>\n","protected":false},"author":1,"featured_media":0,"parent":0,"menu_order":0,"comment_status":"open","ping_status":"closed","template":"","meta":[],"_links":{"self":[{"href":"https:\/\/profepancho.cl\/index.php\/wp-json\/wp\/v2\/pages\/337"}],"collection":[{"href":"https:\/\/profepancho.cl\/index.php\/wp-json\/wp\/v2\/pages"}],"about":[{"href":"https:\/\/profepancho.cl\/index.php\/wp-json\/wp\/v2\/types\/page"}],"author":[{"embeddable":true,"href":"https:\/\/profepancho.cl\/index.php\/wp-json\/wp\/v2\/users\/1"}],"replies":[{"embeddable":true,"href":"https:\/\/profepancho.cl\/index.php\/wp-json\/wp\/v2\/comments?post=337"}],"version-history":[{"count":1,"href":"https:\/\/profepancho.cl\/index.php\/wp-json\/wp\/v2\/pages\/337\/revisions"}],"predecessor-version":[{"id":339,"href":"https:\/\/profepancho.cl\/index.php\/wp-json\/wp\/v2\/pages\/337\/revisions\/339"}],"wp:attachment":[{"href":"https:\/\/profepancho.cl\/index.php\/wp-json\/wp\/v2\/media?parent=337"}],"curies":[{"name":"wp","href":"https:\/\/api.w.org\/{rel}","templated":true}]}}